{"id":46,"date":"2025-06-05T15:22:30","date_gmt":"2025-06-05T15:22:30","guid":{"rendered":"http:\/\/network_admin"},"modified":"2025-06-05T15:22:30","modified_gmt":"2025-06-05T15:22:30","slug":"sample-page-2","status":"publish","type":"page","link":"https:\/\/ollatrade.com\/pt\/sample-page-2\/","title":{"rendered":"P\u00e1gina de exemplo"},"content":{"rendered":"<p>Esta \u00e9 uma p\u00e1gina de exemplo. Ela \u00e9 diferente de uma postagem de blog porque permanecer\u00e1 em um \u00fanico lugar e aparecer\u00e1 na navega\u00e7\u00e3o do seu site (na maioria dos temas). A maioria das pessoas come\u00e7a com uma p\u00e1gina &quot;Sobre&quot; que as apresenta aos visitantes em potencial do site. Ela pode dizer algo como:<\/p>\n\n\n\n<blockquote class=\"wp-block-quote is-layout-flow wp-block-quote-is-layout-flow\"><p>Ol\u00e1! Sou entregador de bicicleta durante o dia, aspirante a ator \u00e0 noite, e este \u00e9 o meu site. Moro em Los Angeles, tenho um cachorro incr\u00edvel chamado Jack e gosto de pi\u00f1a coladas. (E de ser pego na chuva.)<\/p><\/blockquote>\n\n\n\n<p>\u2026ou algo parecido com isto:<\/p>\n\n\n\n<blockquote class=\"wp-block-quote is-layout-flow wp-block-quote-is-layout-flow\"><p>A empresa XYZ Doohickey foi fundada em 1971 e, desde ent\u00e3o, fornece produtos de qualidade ao p\u00fablico. Localizada em Gotham City, a XYZ emprega mais de 2.000 pessoas e realiza diversas a\u00e7\u00f5es incr\u00edveis para a comunidade de Gotham.<\/p><\/blockquote>\n\n\n\n<p>Como novo usu\u00e1rio do WordPress, voc\u00ea deve acessar <a href=\"https:\/\/network.4xptech.com\/ola-new\/wp-admin\/\">seu painel de controle<\/a> Para excluir esta p\u00e1gina e criar novas p\u00e1ginas para o seu conte\u00fado, divirta-se!<\/p>","protected":false},"excerpt":{"rendered":"<p>This is an example page. It&#8217;s different from a blog post because it will stay in one place and will [&hellip;]<\/p>\n","protected":false},"author":1,"featured_media":0,"parent":0,"menu_order":0,"comment_status":"closed","ping_status":"open","template":"","meta":{"site-sidebar-layout":"default","site-content-layout":"","ast-site-content-layout":"default","site-content-style":"default","site-sidebar-style":"default","ast-global-header-display":"","ast-banner-title-visibility":"","ast-main-header-display":"","ast-hfb-above-header-display":"","ast-hfb-below-header-display":"","ast-hfb-mobile-header-display":"","site-post-title":"","ast-breadcrumbs-content":"","ast-featured-img":"","footer-sml-layout":"","ast-disable-related-posts":"","theme-transparent-header-meta":"","adv-header-id-meta":"","stick-header-meta":"","header-above-stick-meta":"","header-main-stick-meta":"","header-below-stick-meta":"","astra-migrate-meta-layouts":"default","ast-page-background-enabled":"default","ast-page-background-meta":{"desktop":{"background-color":"var(--ast-global-color-5)","background-image":"","background-repeat":"repeat","background-position":"center center","background-size":"auto","background-attachment":"scroll","background-type":"","background-media":"","overlay-type":"","overlay-color":"","overlay-opacity":"","overlay-gradient":""},"tablet":{"background-color":"","background-image":"","background-repeat":"repeat","background-position":"center center","background-size":"auto","background-attachment":"scroll","background-type":"","background-media":"","overlay-type":"","overlay-color":"","overlay-opacity":"","overlay-gradient":""},"mobile":{"background-color":"","background-image":"","background-repeat":"repeat","background-position":"center center","background-size":"auto","background-attachment":"scroll","background-type":"","background-media":"","overlay-type":"","overlay-color":"","overlay-opacity":"","overlay-gradient":""}},"ast-content-background-meta":{"desktop":{"background-color":"var(--ast-global-color-4)","background-image":"","background-repeat":"repeat","background-position":"center center","background-size":"auto","background-attachment":"scroll","background-type":"","background-media":"","overlay-type":"","overlay-color":"","overlay-opacity":"","overlay-gradient":""},"tablet":{"background-color":"var(--ast-global-color-4)","background-image":"","background-repeat":"repeat","background-position":"center center","background-size":"auto","background-attachment":"scroll","background-type":"","background-media":"","overlay-type":"","overlay-color":"","overlay-opacity":"","overlay-gradient":""},"mobile":{"background-color":"var(--ast-global-color-4)","background-image":"","background-repeat":"repeat","background-position":"center center","background-size":"auto","background-attachment":"scroll","background-type":"","background-media":"","overlay-type":"","overlay-color":"","overlay-opacity":"","overlay-gradient":""}},"footnotes":""},"class_list":["post-46","page","type-page","status-publish","hentry"],"yoast_head":"<!-- This site is optimized with the Yoast SEO plugin v27.5 - https:\/\/yoast.com\/product\/yoast-seo-wordpress\/ -->\n<title>Sample Page - Olla Trade<\/title>\n<meta name=\"robots\" content=\"index, follow, max-snippet:-1, max-image-preview:large, max-video-preview:-1\" \/>\n<link rel=\"canonical\" href=\"https:\/\/ollatrade.com\/pt\/sample-page-2\/\" \/>\n<meta property=\"og:locale\" content=\"pt_BR\" \/>\n<meta property=\"og:type\" content=\"article\" \/>\n<meta property=\"og:title\" content=\"Sample Page - Olla Trade\" \/>\n<meta property=\"og:description\" content=\"This is an example page. It&#8217;s different from a blog post because it will stay in one place and will [&hellip;]\" \/>\n<meta property=\"og:url\" content=\"https:\/\/ollatrade.com\/pt\/sample-page-2\/\" \/>\n<meta property=\"og:site_name\" content=\"Olla Trade\" \/>\n<meta name=\"twitter:card\" content=\"summary_large_image\" \/>\n<meta name=\"twitter:label1\" content=\"Est. tempo de leitura\" \/>\n\t<meta name=\"twitter:data1\" content=\"1 minuto\" \/>\n<script type=\"application\/ld+json\" class=\"yoast-schema-graph\">{\"@context\":\"https:\\\/\\\/schema.org\",\"@graph\":[{\"@type\":\"WebPage\",\"@id\":\"https:\\\/\\\/ollatrade.com\\\/sample-page-2\\\/\",\"url\":\"https:\\\/\\\/ollatrade.com\\\/sample-page-2\\\/\",\"name\":\"Sample Page - Olla Trade\",\"isPartOf\":{\"@id\":\"https:\\\/\\\/ollatrade.com\\\/#website\"},\"datePublished\":\"2025-06-05T15:22:30+00:00\",\"breadcrumb\":{\"@id\":\"https:\\\/\\\/ollatrade.com\\\/sample-page-2\\\/#breadcrumb\"},\"inLanguage\":\"pt-BR\",\"potentialAction\":[{\"@type\":\"ReadAction\",\"target\":[\"https:\\\/\\\/ollatrade.com\\\/sample-page-2\\\/\"]}]},{\"@type\":\"BreadcrumbList\",\"@id\":\"https:\\\/\\\/ollatrade.com\\\/sample-page-2\\\/#breadcrumb\",\"itemListElement\":[{\"@type\":\"ListItem\",\"position\":1,\"name\":\"Home\",\"item\":\"https:\\\/\\\/ollatrade.com\\\/\"},{\"@type\":\"ListItem\",\"position\":2,\"name\":\"Sample Page\"}]},{\"@type\":\"WebSite\",\"@id\":\"https:\\\/\\\/ollatrade.com\\\/#website\",\"url\":\"https:\\\/\\\/ollatrade.com\\\/\",\"name\":\"Olla Trade\",\"description\":\"\",\"publisher\":{\"@id\":\"https:\\\/\\\/ollatrade.com\\\/#organization\"},\"potentialAction\":[{\"@type\":\"SearchAction\",\"target\":{\"@type\":\"EntryPoint\",\"urlTemplate\":\"https:\\\/\\\/ollatrade.com\\\/?s={search_term_string}\"},\"query-input\":{\"@type\":\"PropertyValueSpecification\",\"valueRequired\":true,\"valueName\":\"search_term_string\"}}],\"inLanguage\":\"pt-BR\"},{\"@type\":\"Organization\",\"@id\":\"https:\\\/\\\/ollatrade.com\\\/#organization\",\"name\":\"Olla Trade\",\"url\":\"https:\\\/\\\/ollatrade.com\\\/\",\"logo\":{\"@type\":\"ImageObject\",\"inLanguage\":\"pt-BR\",\"@id\":\"https:\\\/\\\/ollatrade.com\\\/#\\\/schema\\\/logo\\\/image\\\/\",\"url\":\"https:\\\/\\\/ollatrade.com\\\/wp-content\\\/uploads\\\/2025\\\/06\\\/logo.png\",\"contentUrl\":\"https:\\\/\\\/ollatrade.com\\\/wp-content\\\/uploads\\\/2025\\\/06\\\/logo.png\",\"width\":588,\"height\":144,\"caption\":\"Olla Trade\"},\"image\":{\"@id\":\"https:\\\/\\\/ollatrade.com\\\/#\\\/schema\\\/logo\\\/image\\\/\"}}]}<\/script>\n<!-- \/ Yoast SEO plugin. -->","yoast_head_json":{"title":"Sample Page - Olla Trade","robots":{"index":"index","follow":"follow","max-snippet":"max-snippet:-1","max-image-preview":"max-image-preview:large","max-video-preview":"max-video-preview:-1"},"canonical":"https:\/\/ollatrade.com\/pt\/sample-page-2\/","og_locale":"pt_BR","og_type":"article","og_title":"Sample Page - Olla Trade","og_description":"This is an example page. It&#8217;s different from a blog post because it will stay in one place and will [&hellip;]","og_url":"https:\/\/ollatrade.com\/pt\/sample-page-2\/","og_site_name":"Olla Trade","twitter_card":"summary_large_image","twitter_misc":{"Est. tempo de leitura":"1 minuto"},"schema":{"@context":"https:\/\/schema.org","@graph":[{"@type":"WebPage","@id":"https:\/\/ollatrade.com\/sample-page-2\/","url":"https:\/\/ollatrade.com\/sample-page-2\/","name":"Sample Page - Olla Trade","isPartOf":{"@id":"https:\/\/ollatrade.com\/#website"},"datePublished":"2025-06-05T15:22:30+00:00","breadcrumb":{"@id":"https:\/\/ollatrade.com\/sample-page-2\/#breadcrumb"},"inLanguage":"pt-BR","potentialAction":[{"@type":"ReadAction","target":["https:\/\/ollatrade.com\/sample-page-2\/"]}]},{"@type":"BreadcrumbList","@id":"https:\/\/ollatrade.com\/sample-page-2\/#breadcrumb","itemListElement":[{"@type":"ListItem","position":1,"name":"Home","item":"https:\/\/ollatrade.com\/"},{"@type":"ListItem","position":2,"name":"Sample Page"}]},{"@type":"WebSite","@id":"https:\/\/ollatrade.com\/#website","url":"https:\/\/ollatrade.com\/","name":"Olla Trade","description":"","publisher":{"@id":"https:\/\/ollatrade.com\/#organization"},"potentialAction":[{"@type":"SearchAction","target":{"@type":"EntryPoint","urlTemplate":"https:\/\/ollatrade.com\/?s={search_term_string}"},"query-input":{"@type":"PropertyValueSpecification","valueRequired":true,"valueName":"search_term_string"}}],"inLanguage":"pt-BR"},{"@type":"Organization","@id":"https:\/\/ollatrade.com\/#organization","name":"Olla Trade","url":"https:\/\/ollatrade.com\/","logo":{"@type":"ImageObject","inLanguage":"pt-BR","@id":"https:\/\/ollatrade.com\/#\/schema\/logo\/image\/","url":"https:\/\/ollatrade.com\/wp-content\/uploads\/2025\/06\/logo.png","contentUrl":"https:\/\/ollatrade.com\/wp-content\/uploads\/2025\/06\/logo.png","width":588,"height":144,"caption":"Olla Trade"},"image":{"@id":"https:\/\/ollatrade.com\/#\/schema\/logo\/image\/"}}]}},"_links":{"self":[{"href":"https:\/\/ollatrade.com\/pt\/wp-json\/wp\/v2\/pages\/46","targetHints":{"allow":["GET"]}}],"collection":[{"href":"https:\/\/ollatrade.com\/pt\/wp-json\/wp\/v2\/pages"}],"about":[{"href":"https:\/\/ollatrade.com\/pt\/wp-json\/wp\/v2\/types\/page"}],"author":[{"embeddable":true,"href":"https:\/\/ollatrade.com\/pt\/wp-json\/wp\/v2\/users\/1"}],"replies":[{"embeddable":true,"href":"https:\/\/ollatrade.com\/pt\/wp-json\/wp\/v2\/comments?post=46"}],"version-history":[{"count":0,"href":"https:\/\/ollatrade.com\/pt\/wp-json\/wp\/v2\/pages\/46\/revisions"}],"wp:attachment":[{"href":"https:\/\/ollatrade.com\/pt\/wp-json\/wp\/v2\/media?parent=46"}],"curies":[{"name":"wp","href":"https:\/\/api.w.org\/{rel}","templated":true}]}}